{"id":1042,"date":"2022-10-14T05:08:33","date_gmt":"2022-10-14T05:08:33","guid":{"rendered":"https:\/\/www.lagrotta1918.it\/lagrotta\/?page_id=1042"},"modified":"2022-11-07T17:02:29","modified_gmt":"2022-11-07T17:02:29","slug":"la-cucina","status":"publish","type":"page","link":"https:\/\/www.lagrotta1918.it\/lagrotta\/la-cucina\/","title":{"rendered":"LA CUCINA"},"content":{"rendered":"\t\t<div data-elementor-type=\"wp-page\" data-elementor-id=\"1042\" class=\"elementor elementor-1042\">\n\t\t\t\t\t\t<section class=\"elementor-section elementor-top-section elementor-element elementor-element-2c5848a elementor-section-full_width elementor-section-content-middle elementor-section-height-default elementor-section-height-default\" data-id=\"2c5848a\" data-element_type=\"section\" data-settings=\"{&quot;background_background&quot;:&quot;classic&quot;}\">\n\t\t\t\t\t\t<div class=\"elementor-container elementor-column-gap-default\">\n\t\t\t\t\t<div class=\"elementor-column elementor-col-100 elementor-top-column elementor-element elementor-element-9ba2667\" data-id=\"9ba2667\" data-element_type=\"column\">\n\t\t\t<div class=\"elementor-widget-wrap elementor-element-populated\">\n\t\t\t\t\t\t<div class=\"elementor-element elementor-element-28dfff3 elementor-widget elementor-widget-text-editor\" data-id=\"28dfff3\" data-element_type=\"widget\" data-widget_type=\"text-editor.default\">\n\t\t\t\t<div class=\"elementor-widget-container\">\n\t\t\t<style>\/*! elementor - v3.19.0 - 29-01-2024 *\/\n.elementor-widget-text-editor.elementor-drop-cap-view-stacked .elementor-drop-cap{background-color:#69727d;color:#fff}.elementor-widget-text-editor.elementor-drop-cap-view-framed .elementor-drop-cap{color:#69727d;border:3px solid;background-color:transparent}.elementor-widget-text-editor:not(.elementor-drop-cap-view-default) .elementor-drop-cap{margin-top:8px}.elementor-widget-text-editor:not(.elementor-drop-cap-view-default) .elementor-drop-cap-letter{width:1em;height:1em}.elementor-widget-text-editor .elementor-drop-cap{float:left;text-align:center;line-height:1;font-size:50px}.elementor-widget-text-editor .elementor-drop-cap-letter{display:inline-block}<\/style>\t\t\t\t<h3 style=\"text-align: left;\"><span style=\"color: #000000;\">La cucina dello chef Andrea Funi combina i piatti della tradizione bolognese al gusto e alla ricercatezza contemporanea, prediligendo ingredienti freschi, di stagione e del territorio.<\/span><\/h3>\n<span style=\"color: #000000;\"><span style=\"font-family: lato;\">Vanta piatti rari e ormai dimenticati, unendo le tecniche del passato a quelle pi\u00f9 moderne, cos\u00ec da esaltare e rendere i sapori ancora pi\u00f9 autentici.<\/span><\/span>\t\t\t\t\t\t<\/div>\n\t\t\t\t<\/div>\n\t\t\t\t\t<\/div>\n\t\t<\/div>\n\t\t\t\t\t<\/div>\n\t\t<\/section>\n\t\t\t\t<section class=\"elementor-section elementor-top-section elementor-element elementor-element-db7c1ef elementor-section-full_width elementor-section-content-middle elementor-section-height-default elementor-section-height-default\" data-id=\"db7c1ef\" data-element_type=\"section\" data-settings=\"{&quot;background_background&quot;:&quot;classic&quot;}\">\n\t\t\t\t\t\t<div class=\"elementor-container elementor-column-gap-default\">\n\t\t\t\t\t<div class=\"elementor-column elementor-col-100 elementor-top-column elementor-element elementor-element-2cc5e59\" data-id=\"2cc5e59\" data-element_type=\"column\">\n\t\t\t<div class=\"elementor-widget-wrap elementor-element-populated\">\n\t\t\t\t\t\t<div class=\"elementor-element elementor-element-366efe3 elementor-widget elementor-widget-text-editor\" data-id=\"366efe3\" data-element_type=\"widget\" data-widget_type=\"text-editor.default\">\n\t\t\t\t<div class=\"elementor-widget-container\">\n\t\t\t\t\t\t\t<p style=\"text-align: left;\"><span style=\"color: #000000;\"><span style=\"font-family: lato;\">Vogliamo portare in tavola solo prodotti genuini e di qualit\u00e0 per questo realizziamo personalmente: pane fresco, sott\u2019aceti, confetture, gelato, dolci e tanto altro.<\/span><\/span><\/p>\t\t\t\t\t\t<\/div>\n\t\t\t\t<\/div>\n\t\t\t\t\t<\/div>\n\t\t<\/div>\n\t\t\t\t\t<\/div>\n\t\t<\/section>\n\t\t\t\t<section class=\"elementor-section elementor-top-section elementor-element elementor-element-222fb54 elementor-section-boxed elementor-section-height-default elementor-section-height-default\" data-id=\"222fb54\" data-element_type=\"section\">\n\t\t\t\t\t\t<div class=\"elementor-container elementor-column-gap-default\">\n\t\t\t\t\t<div class=\"elementor-column elementor-col-100 elementor-top-column elementor-element elementor-element-f6ed54c\" data-id=\"f6ed54c\" data-element_type=\"column\">\n\t\t\t<div class=\"elementor-widget-wrap elementor-element-populated\">\n\t\t\t\t\t\t<div class=\"elementor-element elementor-element-220c02c elementor-widget elementor-widget-image\" data-id=\"220c02c\" data-element_type=\"widget\" data-widget_type=\"image.default\">\n\t\t\t\t<div class=\"elementor-widget-container\">\n\t\t\t<style>\/*! elementor - v3.19.0 - 29-01-2024 *\/\n.elementor-widget-image{text-align:center}.elementor-widget-image a{display:inline-block}.elementor-widget-image a img[src$=\".svg\"]{width:48px}.elementor-widget-image img{vertical-align:middle;display:inline-block}<\/style>\t\t\t\t\t\t\t\t\t\t<img fetchpriority=\"high\" decoding=\"async\" width=\"950\" height=\"238\" src=\"https:\/\/www.lagrotta1918.it\/lagrotta\/wp-content\/uploads\/2022\/09\/sfoglia-1-1024x256.jpg\" class=\"attachment-large size-large wp-image-383\" alt=\"la cucina\" srcset=\"https:\/\/www.lagrotta1918.it\/lagrotta\/wp-content\/uploads\/2022\/09\/sfoglia-1-1024x256.jpg 1024w, https:\/\/www.lagrotta1918.it\/lagrotta\/wp-content\/uploads\/2022\/09\/sfoglia-1-300x75.jpg 300w, https:\/\/www.lagrotta1918.it\/lagrotta\/wp-content\/uploads\/2022\/09\/sfoglia-1-768x192.jpg 768w, https:\/\/www.lagrotta1918.it\/lagrotta\/wp-content\/uploads\/2022\/09\/sfoglia-1.jpg 1200w\" sizes=\"100vw\" \/>\t\t\t\t\t\t\t\t\t\t\t\t\t<\/div>\n\t\t\t\t<\/div>\n\t\t\t\t\t<\/div>\n\t\t<\/div>\n\t\t\t\t\t<\/div>\n\t\t<\/section>\n\t\t\t\t<section class=\"elementor-section elementor-top-section elementor-element elementor-element-40da31d elementor-section-boxed elementor-section-height-default elementor-section-height-default\" data-id=\"40da31d\" data-element_type=\"section\">\n\t\t\t\t\t\t<div class=\"elementor-container elementor-column-gap-default\">\n\t\t\t\t\t<div class=\"elementor-column elementor-col-100 elementor-top-column elementor-element elementor-element-b0eba6f\" data-id=\"b0eba6f\" data-element_type=\"column\">\n\t\t\t<div class=\"elementor-widget-wrap elementor-element-populated\">\n\t\t\t\t\t\t<div class=\"elementor-element elementor-element-d0236a2 elementor-widget elementor-widget-text-editor\" data-id=\"d0236a2\" data-element_type=\"widget\" data-widget_type=\"text-editor.default\">\n\t\t\t\t<div class=\"elementor-widget-container\">\n\t\t\t\t\t\t\t<p style=\"text-align: left;\"><span style=\"color: #000000;\"><span style=\"font-family: lato;\">Per quanto riguarda la pasta, il nostro orgoglio, utilizziamo quella fresca tirata al mattarello dalla nostra sfoglina e alcuni tipi di pasta, sempre fatta da noi, estrusa da trafile in bronzo progettate appositamente dallo chef.\nLe proposte sul nostro men\u00f9 variano seguendo l\u2019alternarsi dei prodotti che mese per mese la natura ci offre, vi invitiamo dunque a scaricare il men\u00f9 in formato digitale con i piatti del momento\nAlcune delle specialit\u00e0 pi\u00f9 richieste: Tortellini in brodo, Fritto dolce\/salato, Fritto di fiori, Oca e rape, Guancia di cinghiale brasata e altri piatti a base di selvaggina, funghi e tartufo.<\/span><\/span><\/p>\t\t\t\t\t\t<\/div>\n\t\t\t\t<\/div>\n\t\t\t\t\t<\/div>\n\t\t<\/div>\n\t\t\t\t\t<\/div>\n\t\t<\/section>\n\t\t\t\t<\/div>\n\t\t","protected":false},"excerpt":{"rendered":"<p>La cucina dello chef Andrea Funi combina i piatti della tradizione bolognese al gusto e alla ricercatezza contemporanea, prediligendo ingredienti freschi, di stagione e del territorio. Vanta piatti rari e ormai dimenticati, unendo le tecniche del passato a quelle pi\u00f9 moderne, cos\u00ec da esaltare e rendere i sapori ancora pi\u00f9 autentici. Vogliamo portare in tavola &hellip; <\/p>\n<p class=\"link-more\"><a href=\"https:\/\/www.lagrotta1918.it\/lagrotta\/la-cucina\/\" class=\"more-link\">Leggi tutto<span class=\"screen-reader-text\"> &#8220;LA CUCINA&#8221;<\/span><\/a><\/p>\n","protected":false},"author":1,"featured_media":0,"parent":0,"menu_order":0,"comment_status":"closed","ping_status":"closed","template":"","meta":{"_monsterinsights_skip_tracking":false,"_monsterinsights_sitenote_active":false,"_monsterinsights_sitenote_note":"","_monsterinsights_sitenote_category":0,"footnotes":""},"class_list":["post-1042","page","type-page","status-publish","hentry"],"yoast_head":"<!-- This site is optimized with the Yoast SEO plugin v21.9.1 - https:\/\/yoast.com\/wordpress\/plugins\/seo\/ -->\n<title>La Cucina - Ristorante Antica Trattoria La Grotta dal 1918<\/title>\n<meta name=\"description\" content=\"La cucina porta in tavola prodotti genuini, di qualit\u00e0 e spesso fatti in casa come pane fresco, sott\u2019aceti, confetture, gelato, dolci.\" \/>\n<meta name=\"robots\" content=\"index, follow, max-snippet:-1, max-image-preview:large, max-video-preview:-1\" \/>\n<link rel=\"canonical\" href=\"https:\/\/www.lagrotta1918.it\/lagrotta\/la-cucina\/\" \/>\n<meta property=\"og:locale\" content=\"it_IT\" \/>\n<meta property=\"og:type\" content=\"article\" \/>\n<meta property=\"og:title\" content=\"La Cucina - Ristorante Antica Trattoria La Grotta dal 1918\" \/>\n<meta property=\"og:description\" content=\"La cucina porta in tavola prodotti genuini, di qualit\u00e0 e spesso fatti in casa come pane fresco, sott\u2019aceti, confetture, gelato, dolci.\" \/>\n<meta property=\"og:url\" content=\"https:\/\/www.lagrotta1918.it\/lagrotta\/la-cucina\/\" \/>\n<meta property=\"og:site_name\" content=\"La Grotta dal 1918\" \/>\n<meta property=\"article:modified_time\" content=\"2022-11-07T17:02:29+00:00\" \/>\n<meta property=\"og:image\" content=\"https:\/\/www.lagrotta1918.it\/lagrotta\/wp-content\/uploads\/2022\/09\/sfoglia-1-1024x256.jpg\" \/>\n<meta name=\"twitter:card\" content=\"summary_large_image\" \/>\n<meta name=\"twitter:label1\" content=\"Tempo di lettura stimato\" \/>\n\t<meta name=\"twitter:data1\" content=\"2 minuti\" \/>\n<script type=\"application\/ld+json\" class=\"yoast-schema-graph\">{\"@context\":\"https:\/\/schema.org\",\"@graph\":[{\"@type\":\"WebPage\",\"@id\":\"https:\/\/www.lagrotta1918.it\/lagrotta\/la-cucina\/\",\"url\":\"https:\/\/www.lagrotta1918.it\/lagrotta\/la-cucina\/\",\"name\":\"La Cucina - Ristorante Antica Trattoria La Grotta dal 1918\",\"isPartOf\":{\"@id\":\"https:\/\/www.lagrotta1918.it\/lagrotta\/#website\"},\"datePublished\":\"2022-10-14T05:08:33+00:00\",\"dateModified\":\"2022-11-07T17:02:29+00:00\",\"description\":\"La cucina porta in tavola prodotti genuini, di qualit\u00e0 e spesso fatti in casa come pane fresco, sott\u2019aceti, confetture, gelato, dolci.\",\"breadcrumb\":{\"@id\":\"https:\/\/www.lagrotta1918.it\/lagrotta\/la-cucina\/#breadcrumb\"},\"inLanguage\":\"it-IT\",\"potentialAction\":[{\"@type\":\"ReadAction\",\"target\":[\"https:\/\/www.lagrotta1918.it\/lagrotta\/la-cucina\/\"]}]},{\"@type\":\"BreadcrumbList\",\"@id\":\"https:\/\/www.lagrotta1918.it\/lagrotta\/la-cucina\/#breadcrumb\",\"itemListElement\":[{\"@type\":\"ListItem\",\"position\":1,\"name\":\"Home\",\"item\":\"https:\/\/www.lagrotta1918.it\/lagrotta\/\"},{\"@type\":\"ListItem\",\"position\":2,\"name\":\"LA CUCINA\"}]},{\"@type\":\"WebSite\",\"@id\":\"https:\/\/www.lagrotta1918.it\/lagrotta\/#website\",\"url\":\"https:\/\/www.lagrotta1918.it\/lagrotta\/\",\"name\":\"La Grotta dal 1918\",\"description\":\"Trattoria da cinque generazioni\",\"publisher\":{\"@id\":\"https:\/\/www.lagrotta1918.it\/lagrotta\/#organization\"},\"potentialAction\":[{\"@type\":\"SearchAction\",\"target\":{\"@type\":\"EntryPoint\",\"urlTemplate\":\"https:\/\/www.lagrotta1918.it\/lagrotta\/?s={search_term_string}\"},\"query-input\":\"required name=search_term_string\"}],\"inLanguage\":\"it-IT\"},{\"@type\":\"Organization\",\"@id\":\"https:\/\/www.lagrotta1918.it\/lagrotta\/#organization\",\"name\":\"La Grotta dal 1918\",\"url\":\"https:\/\/www.lagrotta1918.it\/lagrotta\/\",\"logo\":{\"@type\":\"ImageObject\",\"inLanguage\":\"it-IT\",\"@id\":\"https:\/\/www.lagrotta1918.it\/lagrotta\/#\/schema\/logo\/image\/\",\"url\":\"https:\/\/www.lagrotta1918.it\/lagrotta\/wp-content\/uploads\/2022\/10\/LOGO-LAGROTTA1-2.png\",\"contentUrl\":\"https:\/\/www.lagrotta1918.it\/lagrotta\/wp-content\/uploads\/2022\/10\/LOGO-LAGROTTA1-2.png\",\"width\":1345,\"height\":402,\"caption\":\"La Grotta dal 1918\"},\"image\":{\"@id\":\"https:\/\/www.lagrotta1918.it\/lagrotta\/#\/schema\/logo\/image\/\"}}]}<\/script>\n<!-- \/ Yoast SEO plugin. -->","yoast_head_json":{"title":"La Cucina - Ristorante Antica Trattoria La Grotta dal 1918","description":"La cucina porta in tavola prodotti genuini, di qualit\u00e0 e spesso fatti in casa come pane fresco, sott\u2019aceti, confetture, gelato, dolci.","robots":{"index":"index","follow":"follow","max-snippet":"max-snippet:-1","max-image-preview":"max-image-preview:large","max-video-preview":"max-video-preview:-1"},"canonical":"https:\/\/www.lagrotta1918.it\/lagrotta\/la-cucina\/","og_locale":"it_IT","og_type":"article","og_title":"La Cucina - Ristorante Antica Trattoria La Grotta dal 1918","og_description":"La cucina porta in tavola prodotti genuini, di qualit\u00e0 e spesso fatti in casa come pane fresco, sott\u2019aceti, confetture, gelato, dolci.","og_url":"https:\/\/www.lagrotta1918.it\/lagrotta\/la-cucina\/","og_site_name":"La Grotta dal 1918","article_modified_time":"2022-11-07T17:02:29+00:00","og_image":[{"url":"https:\/\/www.lagrotta1918.it\/lagrotta\/wp-content\/uploads\/2022\/09\/sfoglia-1-1024x256.jpg"}],"twitter_card":"summary_large_image","twitter_misc":{"Tempo di lettura stimato":"2 minuti"},"schema":{"@context":"https:\/\/schema.org","@graph":[{"@type":"WebPage","@id":"https:\/\/www.lagrotta1918.it\/lagrotta\/la-cucina\/","url":"https:\/\/www.lagrotta1918.it\/lagrotta\/la-cucina\/","name":"La Cucina - Ristorante Antica Trattoria La Grotta dal 1918","isPartOf":{"@id":"https:\/\/www.lagrotta1918.it\/lagrotta\/#website"},"datePublished":"2022-10-14T05:08:33+00:00","dateModified":"2022-11-07T17:02:29+00:00","description":"La cucina porta in tavola prodotti genuini, di qualit\u00e0 e spesso fatti in casa come pane fresco, sott\u2019aceti, confetture, gelato, dolci.","breadcrumb":{"@id":"https:\/\/www.lagrotta1918.it\/lagrotta\/la-cucina\/#breadcrumb"},"inLanguage":"it-IT","potentialAction":[{"@type":"ReadAction","target":["https:\/\/www.lagrotta1918.it\/lagrotta\/la-cucina\/"]}]},{"@type":"BreadcrumbList","@id":"https:\/\/www.lagrotta1918.it\/lagrotta\/la-cucina\/#breadcrumb","itemListElement":[{"@type":"ListItem","position":1,"name":"Home","item":"https:\/\/www.lagrotta1918.it\/lagrotta\/"},{"@type":"ListItem","position":2,"name":"LA CUCINA"}]},{"@type":"WebSite","@id":"https:\/\/www.lagrotta1918.it\/lagrotta\/#website","url":"https:\/\/www.lagrotta1918.it\/lagrotta\/","name":"La Grotta dal 1918","description":"Trattoria da cinque generazioni","publisher":{"@id":"https:\/\/www.lagrotta1918.it\/lagrotta\/#organization"},"potentialAction":[{"@type":"SearchAction","target":{"@type":"EntryPoint","urlTemplate":"https:\/\/www.lagrotta1918.it\/lagrotta\/?s={search_term_string}"},"query-input":"required name=search_term_string"}],"inLanguage":"it-IT"},{"@type":"Organization","@id":"https:\/\/www.lagrotta1918.it\/lagrotta\/#organization","name":"La Grotta dal 1918","url":"https:\/\/www.lagrotta1918.it\/lagrotta\/","logo":{"@type":"ImageObject","inLanguage":"it-IT","@id":"https:\/\/www.lagrotta1918.it\/lagrotta\/#\/schema\/logo\/image\/","url":"https:\/\/www.lagrotta1918.it\/lagrotta\/wp-content\/uploads\/2022\/10\/LOGO-LAGROTTA1-2.png","contentUrl":"https:\/\/www.lagrotta1918.it\/lagrotta\/wp-content\/uploads\/2022\/10\/LOGO-LAGROTTA1-2.png","width":1345,"height":402,"caption":"La Grotta dal 1918"},"image":{"@id":"https:\/\/www.lagrotta1918.it\/lagrotta\/#\/schema\/logo\/image\/"}}]}},"_links":{"self":[{"href":"https:\/\/www.lagrotta1918.it\/lagrotta\/wp-json\/wp\/v2\/pages\/1042","targetHints":{"allow":["GET"]}}],"collection":[{"href":"https:\/\/www.lagrotta1918.it\/lagrotta\/wp-json\/wp\/v2\/pages"}],"about":[{"href":"https:\/\/www.lagrotta1918.it\/lagrotta\/wp-json\/wp\/v2\/types\/page"}],"author":[{"embeddable":true,"href":"https:\/\/www.lagrotta1918.it\/lagrotta\/wp-json\/wp\/v2\/users\/1"}],"replies":[{"embeddable":true,"href":"https:\/\/www.lagrotta1918.it\/lagrotta\/wp-json\/wp\/v2\/comments?post=1042"}],"version-history":[{"count":44,"href":"https:\/\/www.lagrotta1918.it\/lagrotta\/wp-json\/wp\/v2\/pages\/1042\/revisions"}],"predecessor-version":[{"id":2212,"href":"https:\/\/www.lagrotta1918.it\/lagrotta\/wp-json\/wp\/v2\/pages\/1042\/revisions\/2212"}],"wp:attachment":[{"href":"https:\/\/www.lagrotta1918.it\/lagrotta\/wp-json\/wp\/v2\/media?parent=1042"}],"curies":[{"name":"wp","href":"https:\/\/api.w.org\/{rel}","templated":true}]}}