{"id":3,"date":"2022-08-01T14:00:54","date_gmt":"2022-08-01T14:00:54","guid":{"rendered":"http:\/\/www.lagrotta1918.it\/lagrotta\/?page_id=3"},"modified":"2022-10-23T08:04:02","modified_gmt":"2022-10-23T08:04:02","slug":"privacy-policy","status":"publish","type":"page","link":"https:\/\/www.lagrotta1918.it\/lagrotta\/privacy-policy\/","title":{"rendered":"Privacy Policy"},"content":{"rendered":"\t\t<div data-elementor-type=\"wp-page\" data-elementor-id=\"3\" class=\"elementor elementor-3\">\n\t\t\t\t\t\t<section class=\"elementor-section elementor-top-section elementor-element elementor-element-dbae172 elementor-section-full_width elementor-section-content-middle elementor-section-height-default elementor-section-height-default\" data-id=\"dbae172\" data-element_type=\"section\" data-settings=\"{&quot;background_background&quot;:&quot;classic&quot;}\">\n\t\t\t\t\t\t<div class=\"elementor-container elementor-column-gap-default\">\n\t\t\t\t\t<div class=\"elementor-column elementor-col-100 elementor-top-column elementor-element elementor-element-b479778\" data-id=\"b479778\" data-element_type=\"column\">\n\t\t\t<div class=\"elementor-widget-wrap elementor-element-populated\">\n\t\t\t\t\t\t<div class=\"elementor-element elementor-element-c312895 elementor-widget elementor-widget-text-editor\" data-id=\"c312895\" data-element_type=\"widget\" data-widget_type=\"text-editor.default\">\n\t\t\t\t<div class=\"elementor-widget-container\">\n\t\t\t<style>\/*! elementor - v3.19.0 - 29-01-2024 *\/\n.elementor-widget-text-editor.elementor-drop-cap-view-stacked .elementor-drop-cap{background-color:#69727d;color:#fff}.elementor-widget-text-editor.elementor-drop-cap-view-framed .elementor-drop-cap{color:#69727d;border:3px solid;background-color:transparent}.elementor-widget-text-editor:not(.elementor-drop-cap-view-default) .elementor-drop-cap{margin-top:8px}.elementor-widget-text-editor:not(.elementor-drop-cap-view-default) .elementor-drop-cap-letter{width:1em;height:1em}.elementor-widget-text-editor .elementor-drop-cap{float:left;text-align:center;line-height:1;font-size:50px}.elementor-widget-text-editor .elementor-drop-cap-letter{display:inline-block}<\/style>\t\t\t\t<h3 style=\"text-align: left;\"><span style=\"color: #000000;\">INFORMATIVA PRIVACY AI SENSI DELL\u2019 ARTICOLO 13 DEL REGOLAMENTO N. 2016\/679\/UE (cd GDPR)<\/span><\/h3>\n<p style=\"text-align: left;\"><span style=\"color: #000000;\"><span style=\"font-family: GoudyBookletter1911;\"> In osservanza di quanto previsto dalle disposizioni in materia di tutela dei dati personali, Il Ristorante L&#8217;Antica Trattoria la Grotta, con la presente informativa intende comunicarle le dovute indicazioni in ordine alle finalit\u00e0 e alle modalit\u00e0 del trattamento dei dati personali che ci ha fornito al fine di usufruire dei nostri prodotti e servizi. L\u2019uso dei suoi dati personali sar\u00e0 improntato ai principi di correttezza e trasparenza, nel rispetto della normativa vigente a tutela della sua riservatezza. Titolare del trattamento \u00e8 Andrea Funi, con sede legale in via Tignano, 3 40037 &#8211; Sasso Marconi (BO) in persona del suo legale rappresentante pro-tempore, al quale potr\u00e0 rivolgersi per esercitare i diritti richiamati.<\/span><\/span><\/p>\n<p style=\"text-align: left;\"><span style=\"color: #000000;\"><span style=\"font-family: GoudyBookletter1911;\"> Finalit\u00e0 Ai sensi dell\u2019articolo 13 del regolamento n. 2016\/679\/UE, il Ristorante l&#8217;Antica Trattoria la Grotta, nella qualit\u00e0 di Titolare del trattamento, informa che i dati personali dell\u2019Interessato, saranno oggetto di trattamento: <\/span><\/span><\/p>\n<p style=\"text-align: left;\"><span style=\"color: #000000;\"><span style=\"font-family: GoudyBookletter1911;\">A) al fine di gestire il rapporto contrattuale riguardante la fornitura di beni e servizi acquisiti dall\u2019Interessato; <\/span><\/span><\/p>\n<p style=\"text-align: left;\"><span style=\"color: #000000;\"><span style=\"font-family: GoudyBookletter1911;\">B) al fine di rilevazione della qualit\u00e0 dei beni e servizi forniti; <\/span><\/span><\/p>\n<p style=\"text-align: left;\"><span style=\"color: #000000;\"><span style=\"font-family: GoudyBookletter1911;\">C) ai fini di informazione commerciale, di invio di materiale pubblicitario, newsletter, proposte ed offerte commerciali, di concorsi e manifestazioni a premi, di ricerche di mercato; <\/span><\/span><\/p>\n<p style=\"text-align: left;\"><span style=\"color: #000000;\"><span style=\"font-family: GoudyBookletter1911;\">D) al fine di trasferimento presso societ\u00e0 terze per la gestione delle operazioni a premi e per altre iniziative di natura commerciale; <\/span><\/span><\/p>\n<p style=\"text-align: left;\"><span style=\"color: #000000;\"><span style=\"font-family: GoudyBookletter1911;\">E) al fine di effettuare attivit\u00e0 di profilazione, ossia per analizzare aspetti riguardanti le preferenze e gli interessi personali per proporre prodotti e servizi sempre pi\u00f9 mirate alle esigenze dell\u2019Interessato. <\/span><\/span><\/p>\n<p style=\"text-align: left;\"><span style=\"color: #000000;\"><span style=\"font-family: GoudyBookletter1911;\">Natura del trattamento Il trattamento di dati personali \u00e8: obbligatorio, per quanto attiene alle finalit\u00e0 A) e B), in quanto saranno utilizzati da Il Ristorante l&#8217;Antica Trattoria la Grotta per gestire il rapporto contrattuale con l\u2019Interessato; facoltativo, per quanto attiene alle finalit\u00e0 C), D) e E). <\/span><\/span><\/p>\n<p style=\"text-align: left;\"><span style=\"color: #000000;\"><span style=\"font-family: GoudyBookletter1911;\">Comunicazione a soggetti terzi I dati personali saranno comunicati ai soggetti terzi coinvolti nelle attivit\u00e0 necessarie per le finalit\u00e0 A) e B) ovvero per l\u2019esecuzione del contratto in essere. Potranno inoltre essere trasmessi a societ\u00e0 terze qualora l\u2019Interessato abbia dato il proprio consenso ai trattamenti relativi alla finalit\u00e0 D) ed E). <\/span><\/span><\/p>\n<p style=\"text-align: left;\"><span style=\"color: #000000;\"><span style=\"font-family: GoudyBookletter1911;\">I soggetti esterni che possono venire a conoscenza dei dati personali ovvero ai quali gli stessi dati sono comunicati per quanto di loro specifica competenza, possono essere soggetti pubblici e privati coinvolti nei rapporti commerciali in atto, persone fisiche e\/o giuridiche che svolgano attivit\u00e0 strumentali o complementari a quelle del Ristorante l&#8217;Antica Trattoria la Grotta.<\/span><\/span><\/p>\n<p style=\"text-align: left;\"><span style=\"color: #000000;\"><span style=\"font-family: GoudyBookletter1911;\">Non sono previsti trasferimenti di dati personali fuori dal territorio dell\u2019Unione Europea. Diritti dell\u2019Interessato In ogni momento Lei potr\u00e0 esercitare, ai sensi degli artt. da 15 a 22 del Regolamento n. 2016\/679\/UE, i diritti ivi indicati ed in particolare: <\/span><\/span><\/p>\n<p style=\"text-align: left;\"><span style=\"color: #000000;\"><span style=\"font-family: GoudyBookletter1911;\">Diritto di accesso \u2013 Ottenere conferma che sia o meno in corso un trattamento di dati personali che La riguardano e, in tal caso, ricevere informazioni relative, in particolare, a finalit\u00e0 del trattamento, categorie di dati personali trattati e periodo di conservazione, destinatari cui questi possono essere comunicati (articolo 15, GDPR) <\/span><\/span><\/p>\n<p style=\"text-align: left;\"><span style=\"color: #000000;\"><span style=\"font-family: GoudyBookletter1911;\">Diritto di rettifica \u2013 Ottenere, senza ingiustificato ritardo, la rettifica dei dati personali inesatti che La riguardano e l\u2019integrazione dei dati personali incompleti (articolo 16, GDPR) <\/span><\/span><\/p>\n<p style=\"text-align: left;\"><span style=\"color: #000000;\"><span style=\"font-family: GoudyBookletter1911;\">Diritto alla cancellazione \u2013 Ottenere, senza ingiustificato ritardo, la cancellazione dei dati personali che La riguardano, nei casi previsti dal GDPR (articolo 17, GDPR) <\/span><\/span><\/p>\n<p style=\"text-align: left;\"><span style=\"color: #000000;\"><span style=\"font-family: GoudyBookletter1911;\">Diritto di limitazione \u2013 Ottenere dal Titolare la limitazione del trattamento, nei casi previsti dal GDPR (articolo 18, GDPR) <\/span><\/span><\/p>\n<p style=\"text-align: left;\"><span style=\"color: #000000;\"><span style=\"font-family: GoudyBookletter1911;\">Diritto alla portabilit\u00e0 \u2013 Ricevere in un formato strutturato, di uso comune e leggibile da un dispositivo automatico, i dati personali che La riguardano forniti al Titolare, nonch\u00e9 ottenere che gli stessi siano trasmessi ad altro titolare senza impedimenti, nei casi previsti dal GDPR (articolo 20, GDPR) <\/span><\/span><\/p>\n<p style=\"text-align: left;\"><span style=\"color: #000000;\"><span style=\"font-family: GoudyBookletter1911;\">Diritto di opposizione \u2013 Opporsi al trattamento dei dati personali che La riguardano, in particolare in relazione al trattamento dei dati personali che La riguardano ai sensi dell\u2019articolo 6, paragrafo 1, lettere e) o f) e qualora i dati personali siano trattati per finalit\u00e0 di marketing diretto compresa la profilazione (articolo 21, GDPR) <\/span><\/span><\/p>\n<p style=\"text-align: left;\"><span style=\"color: #000000;\"><span style=\"font-family: GoudyBookletter1911;\">Diritto di proporre reclamo all\u2019autorit\u00e0 di controllo \u2013 Proporre reclamo all\u2019Autorit\u00e0 Garante per la protezione dei dati personali (art 15 GDPR) Piazza di Montecitorio n. 121, 00186, Roma (RM). Lei potr\u00e0 esercitare tali diritti mediante il semplice invio di una richiesta al Titolare del trattamento all\u2019indirizzo e-mail info@lagrotta1918.it.<\/span><\/span><\/p>\n<p style=\"text-align: left;\"><span style=\"color: #000000;\"><span style=\"font-family: GoudyBookletter1911;\"> Periodo di conservazione I dati raccolti saranno conservati per un periodo non superiore a quanto necessario all\u2019espletamento del contratto e conformemente alla normativa vigente. I dati raccolti per la finalit\u00e0 di cui alla lettera C) (informazione commerciale, invio di materiale pubblicitario, newsletter, proposte ed offerte commerciali, concorsi e manifestazioni a premi e ricerche di mercato), saranno conservati fino a quando non perverr\u00e0 da parte sua una richiesta di revoca del consenso o, per trattamenti di marketing diretto che si fondano su di un nostro legittimo interesse, fino a quando non si opporr\u00e0 al trattamento. Modalit\u00e0 del trattamento Il trattamento dei dati personali dell\u2019Interessato \u00e8 realizzato per mezzo delle operazioni indicate all\u2019articolo 4, comma 2 del GDPR, quali ad esempio la raccolta, la registrazione e la conservazione, compiute con o senza l\u2019ausilio di sistemi informatici. In ogni caso, sar\u00e0 garantita la sicurezza logica e fisica dei dati e, in generale, la riservatezza dei dati personali trattati, mettendo in atto tutte le necessarie misure tecniche e organizzative adeguate a garantire la loro sicurezza.<\/span><\/span><\/p>\n<p style=\"text-align: left;\"><span style=\"color: #000000;\"><span style=\"font-family: GoudyBookletter1911;\"> Modifiche alla informativa La presente informativa potr\u00e0 essere modificata di tanto in tanto per riflettere modifiche legislative, modifiche nella raccolta e nell\u2019utilizzo dei dati, iniziative commerciali o per consentirci di aggiungere nuove funzionalit\u00e0. In caso di modifiche, Il Ristorante Antica Trattoria la Grotta, provveder\u00e0 ad avvisarla con le seguenti modalit\u00e0: (i) mediante annuncio pubblicato sulla pagina principale del Sito e\/o (ii) adottando qualsiasi altra azione che riterr\u00e0 opportuna. Lei \u00e8 pertanto invitato a consultare il Sito periodicamente per gli aggiornamenti. Le modifiche eventualmente apportate avranno efficacia a partire dal momento della loro pubblicazione, e la navigazione del Sito dopo tale momento varr\u00e0 come accettazione di tali modifiche.<\/span><\/span><\/p>\n<p>Il Ristorante Antica Trattoria la Grotta<\/p>\t\t\t\t\t\t<\/div>\n\t\t\t\t<\/div>\n\t\t\t\t\t<\/div>\n\t\t<\/div>\n\t\t\t\t\t<\/div>\n\t\t<\/section>\n\t\t\t\t<\/div>\n\t\t","protected":false},"excerpt":{"rendered":"<p>INFORMATIVA PRIVACY AI SENSI DELL\u2019 ARTICOLO 13 DEL REGOLAMENTO N. 2016\/679\/UE (cd GDPR) In osservanza di quanto previsto dalle disposizioni in materia di tutela dei dati personali, Il Ristorante L&#8217;Antica Trattoria la Grotta, con la presente informativa intende comunicarle le dovute indicazioni in ordine alle finalit\u00e0 e alle modalit\u00e0 del trattamento dei dati personali che &hellip; <\/p>\n<p class=\"link-more\"><a href=\"https:\/\/www.lagrotta1918.it\/lagrotta\/privacy-policy\/\" class=\"more-link\">Leggi tutto<span class=\"screen-reader-text\"> &#8220;Privacy Policy&#8221;<\/span><\/a><\/p>\n","protected":false},"author":1,"featured_media":0,"parent":0,"menu_order":0,"comment_status":"closed","ping_status":"open","template":"","meta":{"_monsterinsights_skip_tracking":false,"_monsterinsights_sitenote_active":false,"_monsterinsights_sitenote_note":"","_monsterinsights_sitenote_category":0,"footnotes":""},"class_list":["post-3","page","type-page","status-publish","hentry"],"yoast_head":"<!-- This site is optimized with the Yoast SEO plugin v21.9.1 - https:\/\/yoast.com\/wordpress\/plugins\/seo\/ -->\n<title>Privacy Policy - La Grotta dal 1918<\/title>\n<meta name=\"robots\" content=\"index, follow, max-snippet:-1, max-image-preview:large, max-video-preview:-1\" \/>\n<link rel=\"canonical\" href=\"https:\/\/www.lagrotta1918.it\/lagrotta\/privacy-policy\/\" \/>\n<meta property=\"og:locale\" content=\"it_IT\" \/>\n<meta property=\"og:type\" content=\"article\" \/>\n<meta property=\"og:title\" content=\"Privacy Policy - La Grotta dal 1918\" \/>\n<meta property=\"og:description\" content=\"INFORMATIVA PRIVACY AI SENSI DELL\u2019 ARTICOLO 13 DEL REGOLAMENTO N. 2016\/679\/UE (cd GDPR) In osservanza di quanto previsto dalle disposizioni in materia di tutela dei dati personali, Il Ristorante L&#8217;Antica Trattoria la Grotta, con la presente informativa intende comunicarle le dovute indicazioni in ordine alle finalit\u00e0 e alle modalit\u00e0 del trattamento dei dati personali che &hellip; Leggi tutto &quot;Privacy Policy&quot;\" \/>\n<meta property=\"og:url\" content=\"https:\/\/www.lagrotta1918.it\/lagrotta\/privacy-policy\/\" \/>\n<meta property=\"og:site_name\" content=\"La Grotta dal 1918\" \/>\n<meta property=\"article:modified_time\" content=\"2022-10-23T08:04:02+00:00\" \/>\n<meta name=\"twitter:card\" content=\"summary_large_image\" \/>\n<meta name=\"twitter:label1\" content=\"Tempo di lettura stimato\" \/>\n\t<meta name=\"twitter:data1\" content=\"5 minuti\" \/>\n<script type=\"application\/ld+json\" class=\"yoast-schema-graph\">{\"@context\":\"https:\/\/schema.org\",\"@graph\":[{\"@type\":\"WebPage\",\"@id\":\"https:\/\/www.lagrotta1918.it\/lagrotta\/privacy-policy\/\",\"url\":\"https:\/\/www.lagrotta1918.it\/lagrotta\/privacy-policy\/\",\"name\":\"Privacy Policy - La Grotta dal 1918\",\"isPartOf\":{\"@id\":\"https:\/\/www.lagrotta1918.it\/lagrotta\/#website\"},\"datePublished\":\"2022-08-01T14:00:54+00:00\",\"dateModified\":\"2022-10-23T08:04:02+00:00\",\"breadcrumb\":{\"@id\":\"https:\/\/www.lagrotta1918.it\/lagrotta\/privacy-policy\/#breadcrumb\"},\"inLanguage\":\"it-IT\",\"potentialAction\":[{\"@type\":\"ReadAction\",\"target\":[\"https:\/\/www.lagrotta1918.it\/lagrotta\/privacy-policy\/\"]}]},{\"@type\":\"BreadcrumbList\",\"@id\":\"https:\/\/www.lagrotta1918.it\/lagrotta\/privacy-policy\/#breadcrumb\",\"itemListElement\":[{\"@type\":\"ListItem\",\"position\":1,\"name\":\"Home\",\"item\":\"https:\/\/www.lagrotta1918.it\/lagrotta\/\"},{\"@type\":\"ListItem\",\"position\":2,\"name\":\"Privacy Policy\"}]},{\"@type\":\"WebSite\",\"@id\":\"https:\/\/www.lagrotta1918.it\/lagrotta\/#website\",\"url\":\"https:\/\/www.lagrotta1918.it\/lagrotta\/\",\"name\":\"La Grotta dal 1918\",\"description\":\"Trattoria da cinque generazioni\",\"publisher\":{\"@id\":\"https:\/\/www.lagrotta1918.it\/lagrotta\/#organization\"},\"potentialAction\":[{\"@type\":\"SearchAction\",\"target\":{\"@type\":\"EntryPoint\",\"urlTemplate\":\"https:\/\/www.lagrotta1918.it\/lagrotta\/?s={search_term_string}\"},\"query-input\":\"required name=search_term_string\"}],\"inLanguage\":\"it-IT\"},{\"@type\":\"Organization\",\"@id\":\"https:\/\/www.lagrotta1918.it\/lagrotta\/#organization\",\"name\":\"La Grotta dal 1918\",\"url\":\"https:\/\/www.lagrotta1918.it\/lagrotta\/\",\"logo\":{\"@type\":\"ImageObject\",\"inLanguage\":\"it-IT\",\"@id\":\"https:\/\/www.lagrotta1918.it\/lagrotta\/#\/schema\/logo\/image\/\",\"url\":\"https:\/\/www.lagrotta1918.it\/lagrotta\/wp-content\/uploads\/2022\/10\/LOGO-LAGROTTA1-2.png\",\"contentUrl\":\"https:\/\/www.lagrotta1918.it\/lagrotta\/wp-content\/uploads\/2022\/10\/LOGO-LAGROTTA1-2.png\",\"width\":1345,\"height\":402,\"caption\":\"La Grotta dal 1918\"},\"image\":{\"@id\":\"https:\/\/www.lagrotta1918.it\/lagrotta\/#\/schema\/logo\/image\/\"}}]}<\/script>\n<!-- \/ Yoast SEO plugin. -->","yoast_head_json":{"title":"Privacy Policy - La Grotta dal 1918","robots":{"index":"index","follow":"follow","max-snippet":"max-snippet:-1","max-image-preview":"max-image-preview:large","max-video-preview":"max-video-preview:-1"},"canonical":"https:\/\/www.lagrotta1918.it\/lagrotta\/privacy-policy\/","og_locale":"it_IT","og_type":"article","og_title":"Privacy Policy - La Grotta dal 1918","og_description":"INFORMATIVA PRIVACY AI SENSI DELL\u2019 ARTICOLO 13 DEL REGOLAMENTO N. 2016\/679\/UE (cd GDPR) In osservanza di quanto previsto dalle disposizioni in materia di tutela dei dati personali, Il Ristorante L&#8217;Antica Trattoria la Grotta, con la presente informativa intende comunicarle le dovute indicazioni in ordine alle finalit\u00e0 e alle modalit\u00e0 del trattamento dei dati personali che &hellip; Leggi tutto \"Privacy Policy\"","og_url":"https:\/\/www.lagrotta1918.it\/lagrotta\/privacy-policy\/","og_site_name":"La Grotta dal 1918","article_modified_time":"2022-10-23T08:04:02+00:00","twitter_card":"summary_large_image","twitter_misc":{"Tempo di lettura stimato":"5 minuti"},"schema":{"@context":"https:\/\/schema.org","@graph":[{"@type":"WebPage","@id":"https:\/\/www.lagrotta1918.it\/lagrotta\/privacy-policy\/","url":"https:\/\/www.lagrotta1918.it\/lagrotta\/privacy-policy\/","name":"Privacy Policy - La Grotta dal 1918","isPartOf":{"@id":"https:\/\/www.lagrotta1918.it\/lagrotta\/#website"},"datePublished":"2022-08-01T14:00:54+00:00","dateModified":"2022-10-23T08:04:02+00:00","breadcrumb":{"@id":"https:\/\/www.lagrotta1918.it\/lagrotta\/privacy-policy\/#breadcrumb"},"inLanguage":"it-IT","potentialAction":[{"@type":"ReadAction","target":["https:\/\/www.lagrotta1918.it\/lagrotta\/privacy-policy\/"]}]},{"@type":"BreadcrumbList","@id":"https:\/\/www.lagrotta1918.it\/lagrotta\/privacy-policy\/#breadcrumb","itemListElement":[{"@type":"ListItem","position":1,"name":"Home","item":"https:\/\/www.lagrotta1918.it\/lagrotta\/"},{"@type":"ListItem","position":2,"name":"Privacy Policy"}]},{"@type":"WebSite","@id":"https:\/\/www.lagrotta1918.it\/lagrotta\/#website","url":"https:\/\/www.lagrotta1918.it\/lagrotta\/","name":"La Grotta dal 1918","description":"Trattoria da cinque generazioni","publisher":{"@id":"https:\/\/www.lagrotta1918.it\/lagrotta\/#organization"},"potentialAction":[{"@type":"SearchAction","target":{"@type":"EntryPoint","urlTemplate":"https:\/\/www.lagrotta1918.it\/lagrotta\/?s={search_term_string}"},"query-input":"required name=search_term_string"}],"inLanguage":"it-IT"},{"@type":"Organization","@id":"https:\/\/www.lagrotta1918.it\/lagrotta\/#organization","name":"La Grotta dal 1918","url":"https:\/\/www.lagrotta1918.it\/lagrotta\/","logo":{"@type":"ImageObject","inLanguage":"it-IT","@id":"https:\/\/www.lagrotta1918.it\/lagrotta\/#\/schema\/logo\/image\/","url":"https:\/\/www.lagrotta1918.it\/lagrotta\/wp-content\/uploads\/2022\/10\/LOGO-LAGROTTA1-2.png","contentUrl":"https:\/\/www.lagrotta1918.it\/lagrotta\/wp-content\/uploads\/2022\/10\/LOGO-LAGROTTA1-2.png","width":1345,"height":402,"caption":"La Grotta dal 1918"},"image":{"@id":"https:\/\/www.lagrotta1918.it\/lagrotta\/#\/schema\/logo\/image\/"}}]}},"_links":{"self":[{"href":"https:\/\/www.lagrotta1918.it\/lagrotta\/wp-json\/wp\/v2\/pages\/3","targetHints":{"allow":["GET"]}}],"collection":[{"href":"https:\/\/www.lagrotta1918.it\/lagrotta\/wp-json\/wp\/v2\/pages"}],"about":[{"href":"https:\/\/www.lagrotta1918.it\/lagrotta\/wp-json\/wp\/v2\/types\/page"}],"author":[{"embeddable":true,"href":"https:\/\/www.lagrotta1918.it\/lagrotta\/wp-json\/wp\/v2\/users\/1"}],"replies":[{"embeddable":true,"href":"https:\/\/www.lagrotta1918.it\/lagrotta\/wp-json\/wp\/v2\/comments?post=3"}],"version-history":[{"count":9,"href":"https:\/\/www.lagrotta1918.it\/lagrotta\/wp-json\/wp\/v2\/pages\/3\/revisions"}],"predecessor-version":[{"id":1466,"href":"https:\/\/www.lagrotta1918.it\/lagrotta\/wp-json\/wp\/v2\/pages\/3\/revisions\/1466"}],"wp:attachment":[{"href":"https:\/\/www.lagrotta1918.it\/lagrotta\/wp-json\/wp\/v2\/media?parent=3"}],"curies":[{"name":"wp","href":"https:\/\/api.w.org\/{rel}","templated":true}]}}